{"id":25,"date":"2023-08-16T18:14:46","date_gmt":"2023-08-16T18:14:46","guid":{"rendered":"https:\/\/pesadillaelectronica.es\/?page_id=25"},"modified":"2026-02-20T00:09:12","modified_gmt":"2026-02-20T00:09:12","slug":"back-line-rider","status":"publish","type":"page","link":"https:\/\/pesadillaelectronica.es\/?page_id=25","title":{"rendered":"Back-Line &#038; Rider"},"content":{"rendered":"\n<p><strong>Pesadilla Electr\u00f3nica usa (y abusa):<\/strong><\/p>\n\n\n\n<p>BAJO, Diego: Rickenbacker 4003S. Amplificador: Marshall VBA 400(400 w). Necesita 2 tomas de corriente<\/p>\n\n\n\n<p>GUITARRA, Onofre: Guitarra gibson sg. Amplificadores vox ac30 s1 y Marshall jcm 2000 tsl 122. Pedalera. 4 tomas de corriente (2 para pedalera y 2 para amplificadores)<\/p>\n\n\n\n<p>GUITARRA, Sopo: Guitarra Gibson Les Paul. Amplificador Marshall JCM 900 combo 100W. Pedalera.  2 Tomas de corriente (1 para amplificador y 1 para pedalera)<\/p>\n\n\n\n<p>TECLADO, Juampe: Korg . 2 Tomas de corriente. 2 salidas Jack standard (6.3 mm) para stereo <\/p>\n\n\n\n<p>BATER\u00cdA, Pedro: Yamaha Live Custom, 1 bombo, 2 Timbales a\u00e9reos (8&#8243; y 10&#8243;), 1 Timbal base (16&#8243;). El bombo va con Trigger, no necesita micr\u00f3fono. 2 tomas de Jack standard (6.3 mm), para env\u00edo stereo a mesa. 2 tomas de corriente<\/p>\n\n\n\n<p>VOCES: 3 voces (Diego,  principal. Onofre y Juampe,  coros)<\/p>\n\n\n\n<p><strong>Distribuci\u00f3n en el escenario (Desde la visi\u00f3n del espectador). De Izquierda a Derecha:<\/strong><\/p>\n\n\n\n<p>Sopo: guitarra: izquierda. <\/p>\n\n\n\n<p>Juampe: teclado: atr\u00e1s, a la izqda. del bater\u00eda <\/p>\n\n\n\n<p>Diego: bajo y voz: delante, centro<\/p>\n\n\n\n<p>Pedro: bater\u00eda: atr\u00e1s, centro-derecha<\/p>\n\n\n\n<p>Onofre: guitarra y coros: derecha<\/p>\n\n\n\n<figure class=\"wp-block-image size-large is-resized wp-duotone-default-filter\"><a href=\"https:\/\/pesadillaelectronica.es\/wp-content\/uploads\/2026\/01\/1000022147.jpg\"><img loading=\"lazy\" decoding=\"async\" width=\"1024\" height=\"473\" src=\"https:\/\/pesadillaelectronica.es\/wp-content\/uploads\/2026\/01\/1000022147-1024x473.jpg\" alt=\"\" class=\"wp-image-771\" style=\"width:652px;height:415px\" srcset=\"https:\/\/pesadillaelectronica.es\/wp-content\/uploads\/2026\/01\/1000022147-1024x473.jpg 1024w, https:\/\/pesadillaelectronica.es\/wp-content\/uploads\/2026\/01\/1000022147-300x138.jpg 300w, https:\/\/pesadillaelectronica.es\/wp-content\/uploads\/2026\/01\/1000022147-768x354.jpg 768w, https:\/\/pesadillaelectronica.es\/wp-content\/uploads\/2026\/01\/1000022147-1536x709.jpg 1536w, https:\/\/pesadillaelectronica.es\/wp-content\/uploads\/2026\/01\/1000022147-2048x945.jpg 2048w\" sizes=\"auto, (max-width: 1024px) 100vw, 1024px\" \/><\/a><\/figure>\n\n\n\n<p><\/p>\n\n\n\n<p>(Puedes bajarlo en pdf <strong><a href=\"https:\/\/drive.google.com\/file\/d\/1g3Za_aO63n6hLona-Ud5hTBi1rSuDluo\/view?usp=drivesdk\">AQU\u00cd<\/a>)<\/strong><\/p>\n\n\n\n<p><\/p>\n","protected":false},"excerpt":{"rendered":"<p>Pesadilla Electr\u00f3nica usa (y abusa): BAJO, Diego: Rickenbacker 4003S. Amplificador: Marshall VBA 400(400 w). Necesita 2 tomas de corriente GUITARRA, Onofre: Guitarra gibson sg. Amplificadores vox ac30 s1 y Marshall jcm 2000 tsl 122. Pedalera. 4 tomas de corriente (2 para pedalera y 2 para amplificadores) GUITARRA, Sopo: Guitarra Gibson Les Paul. Amplificador Marshall JCM [&hellip;]<\/p>\n","protected":false},"author":1,"featured_media":0,"parent":0,"menu_order":2,"comment_status":"closed","ping_status":"closed","template":"","meta":{"footnotes":""},"class_list":["post-25","page","type-page","status-publish","hentry"],"_links":{"self":[{"href":"https:\/\/pesadillaelectronica.es\/index.php?rest_route=\/wp\/v2\/pages\/25","targetHints":{"allow":["GET"]}}],"collection":[{"href":"https:\/\/pesadillaelectronica.es\/index.php?rest_route=\/wp\/v2\/pages"}],"about":[{"href":"https:\/\/pesadillaelectronica.es\/index.php?rest_route=\/wp\/v2\/types\/page"}],"author":[{"embeddable":true,"href":"https:\/\/pesadillaelectronica.es\/index.php?rest_route=\/wp\/v2\/users\/1"}],"replies":[{"embeddable":true,"href":"https:\/\/pesadillaelectronica.es\/index.php?rest_route=%2Fwp%2Fv2%2Fcomments&post=25"}],"version-history":[{"count":14,"href":"https:\/\/pesadillaelectronica.es\/index.php?rest_route=\/wp\/v2\/pages\/25\/revisions"}],"predecessor-version":[{"id":780,"href":"https:\/\/pesadillaelectronica.es\/index.php?rest_route=\/wp\/v2\/pages\/25\/revisions\/780"}],"wp:attachment":[{"href":"https:\/\/pesadillaelectronica.es\/index.php?rest_route=%2Fwp%2Fv2%2Fmedia&parent=25"}],"curies":[{"name":"wp","href":"https:\/\/api.w.org\/{rel}","templated":true}]}}